{"id":46,"date":"2017-11-05T13:36:54","date_gmt":"2017-11-05T13:36:54","guid":{"rendered":"http:\/\/dershowhypnotiseur.de\/?page_id=46"},"modified":"2017-11-12T20:39:20","modified_gmt":"2017-11-12T20:39:20","slug":"pyschologie-des-hypnocoach","status":"publish","type":"page","link":"http:\/\/dershowhypnotiseur.de\/?page_id=46","title":{"rendered":"Psychologie des Hypnocoach"},"content":{"rendered":"<p>Durch Hypnose kann auch auf die Psychologie der Patienten eingegangen werden. Auf diese Art und Weise kann ich Sie unterst\u00fctzen<\/p>\n<ul>\n<li>Partnerproblemen<\/li>\n<li>Familiencoaching<\/li>\n<li>Psychosomatik<\/li>\n<li>Erziehungsberatung<\/li>\n<li>Missbrauchsaufarbeitung<\/li>\n<li>Supervision<\/li>\n<\/ul>\n<p>W\u00fcnschen Sie weitere Beratung? Kann ich Sie bei einem der oben stehenden Themenfelder unterst\u00fctzen? Dann kann ich Sie nur ermuntern diesen Schritt zu gehen und das unten stehende Kontaktformular mir ausgef\u00fcllt zukommen lassen. \n<div class=\"wpcf7 no-js\" id=\"wpcf7-f48-o1\" lang=\"de-DE\" dir=\"ltr\" data-wpcf7-id=\"48\">\n<div class=\"screen-reader-response\"><p role=\"status\" aria-live=\"polite\" aria-atomic=\"true\"><\/p> <ul><\/ul><\/div>\n<form action=\"\/index.php?rest_route=%2Fwp%2Fv2%2Fpages%2F46#wpcf7-f48-o1\" method=\"post\" class=\"wpcf7-form init\" aria-label=\"Kontaktformular\" novalidate=\"novalidate\" data-status=\"init\">\n<fieldset class=\"hidden-fields-container\"><input type=\"hidden\" name=\"_wpcf7\" value=\"48\" \/><input type=\"hidden\" name=\"_wpcf7_version\" value=\"6.1.5\" \/><input type=\"hidden\" name=\"_wpcf7_locale\" value=\"de_DE\" \/><input type=\"hidden\" name=\"_wpcf7_unit_tag\" value=\"wpcf7-f48-o1\" \/><input type=\"hidden\" name=\"_wpcf7_container_post\" value=\"0\" \/><input type=\"hidden\" name=\"_wpcf7_posted_data_hash\" value=\"\" \/>\n<\/fieldset>\n<p><label> Anrede (Pflichtfeld)<br \/>\n<span class=\"wpcf7-form-control-wrap\" data-name=\"title\"><input size=\"40\" maxlength=\"400\" class=\"wpcf7-form-control wpcf7-text wpcf7-validates-as-required\" aria-required=\"true\" aria-invalid=\"false\" placeholder=\"Frau\/Herr\" value=\"\" type=\"text\" name=\"title\" \/><\/span> <\/label>\n<\/p>\n<p><label> Ihr Vorname (Pflichtfeld)<br \/>\n<span class=\"wpcf7-form-control-wrap\" data-name=\"surname\"><input size=\"40\" maxlength=\"400\" class=\"wpcf7-form-control wpcf7-text wpcf7-validates-as-required\" aria-required=\"true\" aria-invalid=\"false\" placeholder=\"Vorname\" value=\"\" type=\"text\" name=\"surname\" \/><\/span> <\/label>\n<\/p>\n<p><label> Ihr Nachname (Pflichtfeld)<br \/>\n<span class=\"wpcf7-form-control-wrap\" data-name=\"yourname\"><input size=\"40\" maxlength=\"400\" class=\"wpcf7-form-control wpcf7-text wpcf7-validates-as-required\" aria-required=\"true\" aria-invalid=\"false\" placeholder=\"Nachname\" value=\"\" type=\"text\" name=\"yourname\" \/><\/span> <\/label>\n<\/p>\n<p><label> Ihre E-Mail-Adresse (Pflichtfeld)<br \/>\n<span class=\"wpcf7-form-control-wrap\" data-name=\"your-email\"><input size=\"40\" maxlength=\"400\" class=\"wpcf7-form-control wpcf7-email wpcf7-validates-as-required wpcf7-text wpcf7-validates-as-email\" aria-required=\"true\" aria-invalid=\"false\" value=\"\" type=\"email\" name=\"your-email\" \/><\/span> <\/label>\n<\/p>\n<p><label> Ihre Telefonummer<br \/>\n<span class=\"wpcf7-form-control-wrap\" data-name=\"yourphone-number\"><input size=\"40\" maxlength=\"400\" class=\"wpcf7-form-control wpcf7-tel wpcf7-text wpcf7-validates-as-tel\" aria-invalid=\"false\" value=\"\" type=\"tel\" name=\"yourphone-number\" \/><\/span> <\/label>\n<\/p>\n<p><label> Ihre Anfrage (Pflichtfeld)<br \/>\n<span class=\"wpcf7-form-control-wrap\" data-name=\"yourrequest\"><select class=\"wpcf7-form-control wpcf7-select wpcf7-validates-as-required\" aria-required=\"true\" aria-invalid=\"false\" name=\"yourrequest\"><option value=\"\"><\/option><option value=\"Partnerprobleme\">Partnerprobleme<\/option><option value=\"Familiencoaching\">Familiencoaching<\/option><option value=\"Psychosomatik\">Psychosomatik<\/option><option value=\"Erziehungsberatung\">Erziehungsberatung<\/option><option value=\"Mi\u00dfbrauchsaufarbeitung\">Mi\u00dfbrauchsaufarbeitung<\/option><option value=\"Supervision\">Supervision<\/option><option value=\"Sonstiges\">Sonstiges<\/option><\/select><\/span> <\/label>\n<\/p>\n<p><label> Ihre Nachricht<br \/>\n<span class=\"wpcf7-form-control-wrap\" data-name=\"your-message\"><textarea cols=\"40\" rows=\"10\" maxlength=\"2000\" class=\"wpcf7-form-control wpcf7-textarea\" aria-invalid=\"false\" name=\"your-message\"><\/textarea><\/span> <\/label>\n<\/p>\n<p><input class=\"wpcf7-form-control wpcf7-submit has-spinner\" type=\"submit\" value=\"Senden\" \/>\n<\/p><div class=\"wpcf7-response-output\" aria-hidden=\"true\"><\/div>\n<\/form>\n<\/div>\n<\/p>\n<p>&nbsp;<\/p>\n","protected":false},"excerpt":{"rendered":"<p>Durch Hypnose kann auch auf die Psychologie der Patienten eingegangen werden. Auf diese Art und Weise kann ich Sie unterst\u00fctzen Partnerproblemen Familiencoaching Psychosomatik Erziehungsberatung Missbrauchsaufarbeitung Supervision W\u00fcnschen Sie weitere Beratung? Kann ich Sie bei einem der oben stehenden Themenfelder unterst\u00fctzen? Dann kann ich Sie nur ermuntern diesen Schritt zu gehen und das unten stehende Kontaktformular &hellip; <\/p>\n<p class=\"link-more\"><a href=\"http:\/\/dershowhypnotiseur.de\/?page_id=46\" class=\"more-link\"><span class=\"screen-reader-text\">\u201ePsychologie des Hypnocoach\u201c <\/span>weiterlesen<\/a><\/p>\n","protected":false},"author":1,"featured_media":0,"parent":33,"menu_order":0,"comment_status":"closed","ping_status":"closed","template":"","meta":{"footnotes":""},"class_list":["post-46","page","type-page","status-publish","hentry"],"_links":{"self":[{"href":"http:\/\/dershowhypnotiseur.de\/index.php?rest_route=\/wp\/v2\/pages\/46","targetHints":{"allow":["GET"]}}],"collection":[{"href":"http:\/\/dershowhypnotiseur.de\/index.php?rest_route=\/wp\/v2\/pages"}],"about":[{"href":"http:\/\/dershowhypnotiseur.de\/index.php?rest_route=\/wp\/v2\/types\/page"}],"author":[{"embeddable":true,"href":"http:\/\/dershowhypnotiseur.de\/index.php?rest_route=\/wp\/v2\/users\/1"}],"replies":[{"embeddable":true,"href":"http:\/\/dershowhypnotiseur.de\/index.php?rest_route=%2Fwp%2Fv2%2Fcomments&post=46"}],"version-history":[{"count":3,"href":"http:\/\/dershowhypnotiseur.de\/index.php?rest_route=\/wp\/v2\/pages\/46\/revisions"}],"predecessor-version":[{"id":63,"href":"http:\/\/dershowhypnotiseur.de\/index.php?rest_route=\/wp\/v2\/pages\/46\/revisions\/63"}],"up":[{"embeddable":true,"href":"http:\/\/dershowhypnotiseur.de\/index.php?rest_route=\/wp\/v2\/pages\/33"}],"wp:attachment":[{"href":"http:\/\/dershowhypnotiseur.de\/index.php?rest_route=%2Fwp%2Fv2%2Fmedia&parent=46"}],"curies":[{"name":"wp","href":"https:\/\/api.w.org\/{rel}","templated":true}]}}