{"id":41,"date":"2017-11-05T13:25:08","date_gmt":"2017-11-05T13:25:08","guid":{"rendered":"http:\/\/dershowhypnotiseur.de\/?page_id=41"},"modified":"2017-11-12T16:51:25","modified_gmt":"2017-11-12T16:51:25","slug":"leistungsspektrum-hypnocoaching","status":"publish","type":"page","link":"http:\/\/dershowhypnotiseur.de\/?page_id=41","title":{"rendered":"Leistungsspektrum Hypnocoaching"},"content":{"rendered":"<p>Das Leistungsspektrum von Hypnocoaching umfasst ein weitreichendes Gebiet. Folgende Themenfelder kann ich mit Ihnen &#8222;angehen&#8220;<\/p>\n<ul>\n<li><span class=\"auto-style15\">Blockadenl\u00f6sung <\/span><\/li>\n<li><span class=\"auto-style15\">Selbstbewusstseinsst\u00e4rkung <\/span><\/li>\n<li><span class=\"auto-style15\">Konzentrationsst\u00e4rkung <\/span><\/li>\n<li><span class=\"auto-style15\">Pers\u00f6nlichkeitsentwicklung <\/span><\/li>\n<li><span class=\"auto-style15\">Zielerreichung \u00a0 <\/span><\/li>\n<li><span class=\"auto-style15\">Raucherentw\u00f6hnung <\/span><\/li>\n<li><span class=\"auto-style15\">Gewichtsreduktion<br \/>\n<\/span><\/li>\n<li><span class=\"auto-style11\"><span class=\"auto-style14\">Magnetisch energetische Hypnose <\/span><\/span><\/li>\n<li><span class=\"auto-style11\"><span class=\"auto-style14\">Messmerismus <\/span><\/span><\/li>\n<li><span class=\"auto-style11\"><span class=\"auto-style14\">Intervention durch Suggestionen <\/span><\/span><\/li>\n<li><span class=\"auto-style11\"><span class=\"auto-style14\">Energiearbeit und Wahrnehmung <\/span><\/span><\/li>\n<li><span class=\"auto-style11\"><span class=\"auto-style14\">Setup Hypnosesitzung <\/span><\/span><\/li>\n<\/ul>\n<p><strong>Lassen Sie uns heute noch starten und nutzen Sie das unten stehende Formular zur Kontaktaufnahme<\/strong><\/p>\n\n<div class=\"wpcf7 no-js\" id=\"wpcf7-f44-o1\" lang=\"de-DE\" dir=\"ltr\" data-wpcf7-id=\"44\">\n<div class=\"screen-reader-response\"><p role=\"status\" aria-live=\"polite\" aria-atomic=\"true\"><\/p> <ul><\/ul><\/div>\n<form action=\"\/index.php?rest_route=%2Fwp%2Fv2%2Fpages%2F41#wpcf7-f44-o1\" method=\"post\" class=\"wpcf7-form init\" aria-label=\"Kontaktformular\" novalidate=\"novalidate\" data-status=\"init\">\n<fieldset class=\"hidden-fields-container\"><input type=\"hidden\" name=\"_wpcf7\" value=\"44\" \/><input type=\"hidden\" name=\"_wpcf7_version\" value=\"6.1.5\" \/><input type=\"hidden\" name=\"_wpcf7_locale\" value=\"de_DE\" \/><input type=\"hidden\" name=\"_wpcf7_unit_tag\" value=\"wpcf7-f44-o1\" \/><input type=\"hidden\" name=\"_wpcf7_container_post\" value=\"0\" \/><input type=\"hidden\" name=\"_wpcf7_posted_data_hash\" value=\"\" \/>\n<\/fieldset>\n<p><label> Anrede (Pflichtfeld)<br \/>\n<span class=\"wpcf7-form-control-wrap\" data-name=\"title\"><input size=\"40\" maxlength=\"400\" class=\"wpcf7-form-control wpcf7-text wpcf7-validates-as-required\" aria-required=\"true\" aria-invalid=\"false\" placeholder=\"Frau\/Herr\" value=\"\" type=\"text\" name=\"title\" \/><\/span> <\/label>\n<\/p>\n<p><label> Ihr Vorname (Pflichtfeld)<br \/>\n<span class=\"wpcf7-form-control-wrap\" data-name=\"surname\"><input size=\"40\" maxlength=\"400\" class=\"wpcf7-form-control wpcf7-text wpcf7-validates-as-required\" aria-required=\"true\" aria-invalid=\"false\" placeholder=\"Vorname\" value=\"\" type=\"text\" name=\"surname\" \/><\/span> <\/label>\n<\/p>\n<p><label> Ihr Nachname (Pflichtfeld)<br \/>\n<span class=\"wpcf7-form-control-wrap\" data-name=\"yourname\"><input size=\"40\" maxlength=\"400\" class=\"wpcf7-form-control wpcf7-text wpcf7-validates-as-required\" aria-required=\"true\" aria-invalid=\"false\" placeholder=\"Nachname\" value=\"\" type=\"text\" name=\"yourname\" \/><\/span> <\/label>\n<\/p>\n<p><label> Ihre E-Mail-Adresse (Pflichtfeld)<br \/>\n<span class=\"wpcf7-form-control-wrap\" data-name=\"your-email\"><input size=\"40\" maxlength=\"400\" class=\"wpcf7-form-control wpcf7-email wpcf7-validates-as-required wpcf7-text wpcf7-validates-as-email\" aria-required=\"true\" aria-invalid=\"false\" value=\"\" type=\"email\" name=\"your-email\" \/><\/span> <\/label>\n<\/p>\n<p><label> Ihre Telefonummer<br \/>\n<span class=\"wpcf7-form-control-wrap\" data-name=\"yourphone-number\"><input size=\"40\" maxlength=\"400\" class=\"wpcf7-form-control wpcf7-tel wpcf7-text wpcf7-validates-as-tel\" aria-invalid=\"false\" value=\"\" type=\"tel\" name=\"yourphone-number\" \/><\/span> <\/label>\n<\/p>\n<p><label> Ihre Anfrage (Pflichtfeld)<br \/>\n<span class=\"wpcf7-form-control-wrap\" data-name=\"yourrequest\"><select class=\"wpcf7-form-control wpcf7-select wpcf7-validates-as-required\" aria-required=\"true\" aria-invalid=\"false\" name=\"yourrequest\"><option value=\"\"><\/option><option value=\"Blockadenl\u00f6sung\">Blockadenl\u00f6sung<\/option><option value=\"Selbstbewusstseinsst\u00e4rkung\">Selbstbewusstseinsst\u00e4rkung<\/option><option value=\"Konzentrationsst\u00e4rkung\">Konzentrationsst\u00e4rkung<\/option><option value=\"Pers\u00f6nlichkeitsentwicklung\">Pers\u00f6nlichkeitsentwicklung<\/option><option value=\"Zielerreichung\">Zielerreichung<\/option><option value=\"Raucherentw\u00f6hnung\">Raucherentw\u00f6hnung<\/option><option value=\"Gewichtsreduktion\">Gewichtsreduktion<\/option><option value=\"Magnetisch energetische Hypnose\">Magnetisch energetische Hypnose<\/option><option value=\"Messmerismus\">Messmerismus<\/option><option value=\"Intervention durch Suggestionen\">Intervention durch Suggestionen<\/option><option value=\"Energiearbeit und Wahrnehmung\">Energiearbeit und Wahrnehmung<\/option><option value=\"Setup Hypnosesitzung\">Setup Hypnosesitzung<\/option><option value=\"Sonstiges\">Sonstiges<\/option><\/select><\/span> <\/label>\n<\/p>\n<p><label> Ihre Nachricht<br \/>\n<span class=\"wpcf7-form-control-wrap\" data-name=\"your-message\"><textarea cols=\"40\" rows=\"10\" maxlength=\"2000\" class=\"wpcf7-form-control wpcf7-textarea\" aria-invalid=\"false\" name=\"your-message\"><\/textarea><\/span> <\/label>\n<\/p>\n<p><input class=\"wpcf7-form-control wpcf7-submit has-spinner\" type=\"submit\" value=\"Senden\" \/>\n<\/p><div class=\"wpcf7-response-output\" aria-hidden=\"true\"><\/div>\n<\/form>\n<\/div>\n\n","protected":false},"excerpt":{"rendered":"<p>Das Leistungsspektrum von Hypnocoaching umfasst ein weitreichendes Gebiet. Folgende Themenfelder kann ich mit Ihnen &#8222;angehen&#8220; Blockadenl\u00f6sung Selbstbewusstseinsst\u00e4rkung Konzentrationsst\u00e4rkung Pers\u00f6nlichkeitsentwicklung Zielerreichung \u00a0 Raucherentw\u00f6hnung Gewichtsreduktion Magnetisch energetische Hypnose Messmerismus Intervention durch Suggestionen Energiearbeit und Wahrnehmung Setup Hypnosesitzung Lassen Sie uns heute noch starten und nutzen Sie das unten stehende Formular zur Kontaktaufnahme<\/p>\n","protected":false},"author":1,"featured_media":0,"parent":33,"menu_order":0,"comment_status":"closed","ping_status":"closed","template":"","meta":{"footnotes":""},"class_list":["post-41","page","type-page","status-publish","hentry"],"_links":{"self":[{"href":"http:\/\/dershowhypnotiseur.de\/index.php?rest_route=\/wp\/v2\/pages\/41","targetHints":{"allow":["GET"]}}],"collection":[{"href":"http:\/\/dershowhypnotiseur.de\/index.php?rest_route=\/wp\/v2\/pages"}],"about":[{"href":"http:\/\/dershowhypnotiseur.de\/index.php?rest_route=\/wp\/v2\/types\/page"}],"author":[{"embeddable":true,"href":"http:\/\/dershowhypnotiseur.de\/index.php?rest_route=\/wp\/v2\/users\/1"}],"replies":[{"embeddable":true,"href":"http:\/\/dershowhypnotiseur.de\/index.php?rest_route=%2Fwp%2Fv2%2Fcomments&post=41"}],"version-history":[{"count":2,"href":"http:\/\/dershowhypnotiseur.de\/index.php?rest_route=\/wp\/v2\/pages\/41\/revisions"}],"predecessor-version":[{"id":45,"href":"http:\/\/dershowhypnotiseur.de\/index.php?rest_route=\/wp\/v2\/pages\/41\/revisions\/45"}],"up":[{"embeddable":true,"href":"http:\/\/dershowhypnotiseur.de\/index.php?rest_route=\/wp\/v2\/pages\/33"}],"wp:attachment":[{"href":"http:\/\/dershowhypnotiseur.de\/index.php?rest_route=%2Fwp%2Fv2%2Fmedia&parent=41"}],"curies":[{"name":"wp","href":"https:\/\/api.w.org\/{rel}","templated":true}]}}