{"id":37,"date":"2017-11-05T12:30:01","date_gmt":"2017-11-05T12:30:01","guid":{"rendered":"http:\/\/dershowhypnotiseur.de\/?page_id=37"},"modified":"2017-11-12T16:52:22","modified_gmt":"2017-11-12T16:52:22","slug":"buchungsanfrage","status":"publish","type":"page","link":"http:\/\/dershowhypnotiseur.de\/?page_id=37","title":{"rendered":"Buchungsanfrage"},"content":{"rendered":"<p>Sollten Sie bereits eine konkrete Anfrage haben oder Sie vorab Informationen zu meinem Angebot w\u00fcnschen, so stehe ich Ihnen gerne pers\u00f6nlich zur Verf\u00fcgung.<\/p>\n<p><strong>Nutzen Sie ganz einfach das unten stehende Kontaktformular<\/strong><\/p>\n\n<div class=\"wpcf7 no-js\" id=\"wpcf7-f35-o1\" lang=\"de-DE\" dir=\"ltr\" data-wpcf7-id=\"35\">\n<div class=\"screen-reader-response\"><p role=\"status\" aria-live=\"polite\" aria-atomic=\"true\"><\/p> <ul><\/ul><\/div>\n<form action=\"\/index.php?rest_route=%2Fwp%2Fv2%2Fpages%2F37#wpcf7-f35-o1\" method=\"post\" class=\"wpcf7-form init\" aria-label=\"Kontaktformular\" novalidate=\"novalidate\" data-status=\"init\">\n<fieldset class=\"hidden-fields-container\"><input type=\"hidden\" name=\"_wpcf7\" value=\"35\" \/><input type=\"hidden\" name=\"_wpcf7_version\" value=\"6.1.5\" \/><input type=\"hidden\" name=\"_wpcf7_locale\" value=\"de_DE\" \/><input type=\"hidden\" name=\"_wpcf7_unit_tag\" value=\"wpcf7-f35-o1\" \/><input type=\"hidden\" name=\"_wpcf7_container_post\" value=\"0\" \/><input type=\"hidden\" name=\"_wpcf7_posted_data_hash\" value=\"\" \/>\n<\/fieldset>\n<p><label> Anrede (Pflichtfeld)<br \/>\n<span class=\"wpcf7-form-control-wrap\" data-name=\"title\"><input size=\"40\" maxlength=\"400\" class=\"wpcf7-form-control wpcf7-text wpcf7-validates-as-required\" aria-required=\"true\" aria-invalid=\"false\" placeholder=\"Frau\/Herr\" value=\"\" type=\"text\" name=\"title\" \/><\/span> <\/label>\n<\/p>\n<p><label> Ihr Vorname (Pflichtfeld)<br \/>\n<span class=\"wpcf7-form-control-wrap\" data-name=\"surname\"><input size=\"40\" maxlength=\"400\" class=\"wpcf7-form-control wpcf7-text wpcf7-validates-as-required\" aria-required=\"true\" aria-invalid=\"false\" placeholder=\"Vorname\" value=\"\" type=\"text\" name=\"surname\" \/><\/span> <\/label>\n<\/p>\n<p><label> Ihr Nachname (Pflichtfeld)<br \/>\n<span class=\"wpcf7-form-control-wrap\" data-name=\"yourname\"><input size=\"40\" maxlength=\"400\" class=\"wpcf7-form-control wpcf7-text wpcf7-validates-as-required\" aria-required=\"true\" aria-invalid=\"false\" placeholder=\"Nachname\" value=\"\" type=\"text\" name=\"yourname\" \/><\/span> <\/label>\n<\/p>\n<p><label> Ihre E-Mail-Adresse (Pflichtfeld)<br \/>\n<span class=\"wpcf7-form-control-wrap\" data-name=\"your-email\"><input size=\"40\" maxlength=\"400\" class=\"wpcf7-form-control wpcf7-email wpcf7-validates-as-required wpcf7-text wpcf7-validates-as-email\" aria-required=\"true\" aria-invalid=\"false\" value=\"\" type=\"email\" name=\"your-email\" \/><\/span> <\/label>\n<\/p>\n<p><label> Ihre Telefonummer<br \/>\n<span class=\"wpcf7-form-control-wrap\" data-name=\"yourphone-number\"><input size=\"40\" maxlength=\"400\" class=\"wpcf7-form-control wpcf7-tel wpcf7-text wpcf7-validates-as-tel\" aria-invalid=\"false\" value=\"\" type=\"tel\" name=\"yourphone-number\" \/><\/span> <\/label>\n<\/p>\n<p><label> Ihre Anfrage (Pflichtfeld)<br \/>\n<span class=\"wpcf7-form-control-wrap\" data-name=\"yourrequest\"><select class=\"wpcf7-form-control wpcf7-select wpcf7-validates-as-required\" aria-required=\"true\" aria-invalid=\"false\" name=\"yourrequest\"><option value=\"\"><\/option><option value=\"Hypnose-Show-Einlage\">Hypnose-Show-Einlage<\/option><option value=\"Hochzeit\">Hochzeit<\/option><option value=\"Event\">Event<\/option><option value=\"Party\">Party<\/option><option value=\"Gro\u00dfveranstaltung\">Gro\u00dfveranstaltung<\/option><option value=\"Sonstiges\">Sonstiges<\/option><\/select><\/span> <\/label>\n<\/p>\n<p><label> Ihre Nachricht<br \/>\n<span class=\"wpcf7-form-control-wrap\" data-name=\"your-message\"><textarea cols=\"40\" rows=\"10\" maxlength=\"2000\" class=\"wpcf7-form-control wpcf7-textarea\" aria-invalid=\"false\" name=\"your-message\"><\/textarea><\/span> <\/label>\n<\/p>\n<p><input class=\"wpcf7-form-control wpcf7-submit has-spinner\" type=\"submit\" value=\"Senden\" \/>\n<\/p><div class=\"wpcf7-response-output\" aria-hidden=\"true\"><\/div>\n<\/form>\n<\/div>\n\n","protected":false},"excerpt":{"rendered":"<p>Sollten Sie bereits eine konkrete Anfrage haben oder Sie vorab Informationen zu meinem Angebot w\u00fcnschen, so stehe ich Ihnen gerne pers\u00f6nlich zur Verf\u00fcgung. Nutzen Sie ganz einfach das unten stehende Kontaktformular<\/p>\n","protected":false},"author":1,"featured_media":0,"parent":0,"menu_order":1,"comment_status":"closed","ping_status":"closed","template":"","meta":{"footnotes":""},"class_list":["post-37","page","type-page","status-publish","hentry"],"_links":{"self":[{"href":"http:\/\/dershowhypnotiseur.de\/index.php?rest_route=\/wp\/v2\/pages\/37","targetHints":{"allow":["GET"]}}],"collection":[{"href":"http:\/\/dershowhypnotiseur.de\/index.php?rest_route=\/wp\/v2\/pages"}],"about":[{"href":"http:\/\/dershowhypnotiseur.de\/index.php?rest_route=\/wp\/v2\/types\/page"}],"author":[{"embeddable":true,"href":"http:\/\/dershowhypnotiseur.de\/index.php?rest_route=\/wp\/v2\/users\/1"}],"replies":[{"embeddable":true,"href":"http:\/\/dershowhypnotiseur.de\/index.php?rest_route=%2Fwp%2Fv2%2Fcomments&post=37"}],"version-history":[{"count":2,"href":"http:\/\/dershowhypnotiseur.de\/index.php?rest_route=\/wp\/v2\/pages\/37\/revisions"}],"predecessor-version":[{"id":39,"href":"http:\/\/dershowhypnotiseur.de\/index.php?rest_route=\/wp\/v2\/pages\/37\/revisions\/39"}],"wp:attachment":[{"href":"http:\/\/dershowhypnotiseur.de\/index.php?rest_route=%2Fwp%2Fv2%2Fmedia&parent=37"}],"curies":[{"name":"wp","href":"https:\/\/api.w.org\/{rel}","templated":true}]}}