{"id":33,"date":"2017-11-05T12:04:56","date_gmt":"2017-11-05T12:04:56","guid":{"rendered":"http:\/\/dershowhypnotiseur.de\/?page_id=33"},"modified":"2017-11-12T16:54:19","modified_gmt":"2017-11-12T16:54:19","slug":"hypnocoaching","status":"publish","type":"page","link":"http:\/\/dershowhypnotiseur.de\/?page_id=33","title":{"rendered":"Hypnocoaching"},"content":{"rendered":"<h1>&#8230;oder die Frage &#8222;Warum Hypnocoaching?&#8220;<\/h1>\n<p><span class=\"auto-style11\"><span class=\"auto-style14\">Bei der Hypnose wird die rechte gef\u00fchlsorientierte Gehirnh\u00e4lfte\u00a0 angesprochen, die dem Menschen in Trance eine wesentlich erweiterte Denkf\u00e4higkeit erm\u00f6glicht. <\/span><\/span><\/p>\n<p><span class=\"auto-style11\"><span class=\"auto-style14\"><strong>Unter Hypnose<\/strong> kann der Mensch sich <strong>auf das aktuell Wichtige konzentrieren<\/strong>, erh\u00e4lt einen direkten Zugang zu seinem inneren \u201eIch\u201c und zu seinem Unbewusstsein. Der Mensch arbeitet also ganzheitlich an seinem Denken, bewusste und unbewusste Gedankeng\u00e4nge werden<br \/>\naktiviert. <\/span><\/span><\/p>\n<p><span class=\"auto-style11\"><span class=\"auto-style14\">Das ist der gro\u00dfe Vorteil der Hypnose <\/span><\/span><\/p>\n","protected":false},"excerpt":{"rendered":"<p>&#8230;oder die Frage &#8222;Warum Hypnocoaching?&#8220; Bei der Hypnose wird die rechte gef\u00fchlsorientierte Gehirnh\u00e4lfte\u00a0 angesprochen, die dem Menschen in Trance eine wesentlich erweiterte Denkf\u00e4higkeit erm\u00f6glicht. Unter Hypnose kann der Mensch sich auf das aktuell Wichtige konzentrieren, erh\u00e4lt einen direkten Zugang zu seinem inneren \u201eIch\u201c und zu seinem Unbewusstsein. Der Mensch arbeitet also ganzheitlich an seinem Denken, &hellip; <\/p>\n<p class=\"link-more\"><a href=\"http:\/\/dershowhypnotiseur.de\/?page_id=33\" class=\"more-link\"><span class=\"screen-reader-text\">\u201eHypnocoaching\u201c <\/span>weiterlesen<\/a><\/p>\n","protected":false},"author":1,"featured_media":0,"parent":0,"menu_order":3,"comment_status":"closed","ping_status":"closed","template":"","meta":{"footnotes":""},"class_list":["post-33","page","type-page","status-publish","hentry"],"_links":{"self":[{"href":"http:\/\/dershowhypnotiseur.de\/index.php?rest_route=\/wp\/v2\/pages\/33","targetHints":{"allow":["GET"]}}],"collection":[{"href":"http:\/\/dershowhypnotiseur.de\/index.php?rest_route=\/wp\/v2\/pages"}],"about":[{"href":"http:\/\/dershowhypnotiseur.de\/index.php?rest_route=\/wp\/v2\/types\/page"}],"author":[{"embeddable":true,"href":"http:\/\/dershowhypnotiseur.de\/index.php?rest_route=\/wp\/v2\/users\/1"}],"replies":[{"embeddable":true,"href":"http:\/\/dershowhypnotiseur.de\/index.php?rest_route=%2Fwp%2Fv2%2Fcomments&post=33"}],"version-history":[{"count":1,"href":"http:\/\/dershowhypnotiseur.de\/index.php?rest_route=\/wp\/v2\/pages\/33\/revisions"}],"predecessor-version":[{"id":34,"href":"http:\/\/dershowhypnotiseur.de\/index.php?rest_route=\/wp\/v2\/pages\/33\/revisions\/34"}],"wp:attachment":[{"href":"http:\/\/dershowhypnotiseur.de\/index.php?rest_route=%2Fwp%2Fv2%2Fmedia&parent=33"}],"curies":[{"name":"wp","href":"https:\/\/api.w.org\/{rel}","templated":true}]}}