{"id":26,"date":"2017-11-05T12:01:00","date_gmt":"2017-11-05T12:01:00","guid":{"rendered":"http:\/\/dershowhypnotiseur.de\/?page_id=26"},"modified":"2021-01-24T11:20:48","modified_gmt":"2021-01-24T11:20:48","slug":"events","status":"publish","type":"page","link":"http:\/\/dershowhypnotiseur.de\/?page_id=26","title":{"rendered":"Events"},"content":{"rendered":"<p>Sie planen ein Event im kleinen oder gro\u00dfen Stil und sind noch auf der Suche nach einer passenden Unterhaltung. Dabei ist mir eines ganz wichtig:<\/p>\n<p><strong>In meiner Hypnose-Show stelle ich niemanden blo\u00df! Mein oberstes Gebot ist ein auf Ihren Wunsch hin zugeschnittes Unterhaltungsprogramm ohne peinliche Situationen f\u00fcr Sie und Ihre G\u00e4ste!<\/strong><\/p>\n<p>Dazu werde ich zusammen mit Ihnen den Inhalt der Hypnose-Show im Vorfeld pers\u00f6nlich besprechen und ganz auf Ihre Belange und W\u00fcnsche eingehen.<\/p>\n<p>Ob einzelne Hypnose-Show Einlage, Hochzeit, Party, Betriebsfeier oder Gro\u00dfveranstaltung,\u00a0 wir sind der richtige Partner f\u00fcr Sie und Ihr Event!<\/p>\n<p><strong>Auf Grund der aktuellen Pandemie-Situation in Deutschland kann ich aktuell kein Event anbieten. Sobald dies wieder m\u00f6glich ist, werde ich gerne Ihr Evenet bereichern.<\/strong><\/p>\n<p>Sollte ich Ihr Interesse geweckt haben, dann kontaktieren Sie mich bitte unter<\/p>\n\n<div class=\"wpcf7 no-js\" id=\"wpcf7-f35-o1\" lang=\"de-DE\" dir=\"ltr\" data-wpcf7-id=\"35\">\n<div class=\"screen-reader-response\"><p role=\"status\" aria-live=\"polite\" aria-atomic=\"true\"><\/p> <ul><\/ul><\/div>\n<form action=\"\/index.php?rest_route=%2Fwp%2Fv2%2Fpages%2F26#wpcf7-f35-o1\" method=\"post\" class=\"wpcf7-form init\" aria-label=\"Kontaktformular\" novalidate=\"novalidate\" data-status=\"init\">\n<fieldset class=\"hidden-fields-container\"><input type=\"hidden\" name=\"_wpcf7\" value=\"35\" \/><input type=\"hidden\" name=\"_wpcf7_version\" value=\"6.1.5\" \/><input type=\"hidden\" name=\"_wpcf7_locale\" value=\"de_DE\" \/><input type=\"hidden\" name=\"_wpcf7_unit_tag\" value=\"wpcf7-f35-o1\" \/><input type=\"hidden\" name=\"_wpcf7_container_post\" value=\"0\" \/><input type=\"hidden\" name=\"_wpcf7_posted_data_hash\" value=\"\" \/>\n<\/fieldset>\n<p><label> Anrede (Pflichtfeld)<br \/>\n<span class=\"wpcf7-form-control-wrap\" data-name=\"title\"><input size=\"40\" maxlength=\"400\" class=\"wpcf7-form-control wpcf7-text wpcf7-validates-as-required\" aria-required=\"true\" aria-invalid=\"false\" placeholder=\"Frau\/Herr\" value=\"\" type=\"text\" name=\"title\" \/><\/span> <\/label>\n<\/p>\n<p><label> Ihr Vorname (Pflichtfeld)<br \/>\n<span class=\"wpcf7-form-control-wrap\" data-name=\"surname\"><input size=\"40\" maxlength=\"400\" class=\"wpcf7-form-control wpcf7-text wpcf7-validates-as-required\" aria-required=\"true\" aria-invalid=\"false\" placeholder=\"Vorname\" value=\"\" type=\"text\" name=\"surname\" \/><\/span> <\/label>\n<\/p>\n<p><label> Ihr Nachname (Pflichtfeld)<br \/>\n<span class=\"wpcf7-form-control-wrap\" data-name=\"yourname\"><input size=\"40\" maxlength=\"400\" class=\"wpcf7-form-control wpcf7-text wpcf7-validates-as-required\" aria-required=\"true\" aria-invalid=\"false\" placeholder=\"Nachname\" value=\"\" type=\"text\" name=\"yourname\" \/><\/span> <\/label>\n<\/p>\n<p><label> Ihre E-Mail-Adresse (Pflichtfeld)<br \/>\n<span class=\"wpcf7-form-control-wrap\" data-name=\"your-email\"><input size=\"40\" maxlength=\"400\" class=\"wpcf7-form-control wpcf7-email wpcf7-validates-as-required wpcf7-text wpcf7-validates-as-email\" aria-required=\"true\" aria-invalid=\"false\" value=\"\" type=\"email\" name=\"your-email\" \/><\/span> <\/label>\n<\/p>\n<p><label> Ihre Telefonummer<br \/>\n<span class=\"wpcf7-form-control-wrap\" data-name=\"yourphone-number\"><input size=\"40\" maxlength=\"400\" class=\"wpcf7-form-control wpcf7-tel wpcf7-text wpcf7-validates-as-tel\" aria-invalid=\"false\" value=\"\" type=\"tel\" name=\"yourphone-number\" \/><\/span> <\/label>\n<\/p>\n<p><label> Ihre Anfrage (Pflichtfeld)<br \/>\n<span class=\"wpcf7-form-control-wrap\" data-name=\"yourrequest\"><select class=\"wpcf7-form-control wpcf7-select wpcf7-validates-as-required\" aria-required=\"true\" aria-invalid=\"false\" name=\"yourrequest\"><option value=\"\"><\/option><option value=\"Hypnose-Show-Einlage\">Hypnose-Show-Einlage<\/option><option value=\"Hochzeit\">Hochzeit<\/option><option value=\"Event\">Event<\/option><option value=\"Party\">Party<\/option><option value=\"Gro\u00dfveranstaltung\">Gro\u00dfveranstaltung<\/option><option value=\"Sonstiges\">Sonstiges<\/option><\/select><\/span> <\/label>\n<\/p>\n<p><label> Ihre Nachricht<br \/>\n<span class=\"wpcf7-form-control-wrap\" data-name=\"your-message\"><textarea cols=\"40\" rows=\"10\" maxlength=\"2000\" class=\"wpcf7-form-control wpcf7-textarea\" aria-invalid=\"false\" name=\"your-message\"><\/textarea><\/span> <\/label>\n<\/p>\n<p><input class=\"wpcf7-form-control wpcf7-submit has-spinner\" type=\"submit\" value=\"Senden\" \/>\n<\/p><div class=\"wpcf7-response-output\" aria-hidden=\"true\"><\/div>\n<\/form>\n<\/div>\n\n","protected":false},"excerpt":{"rendered":"<p>Sie planen ein Event im kleinen oder gro\u00dfen Stil und sind noch auf der Suche nach einer passenden Unterhaltung. Dabei ist mir eines ganz wichtig: In meiner Hypnose-Show stelle ich niemanden blo\u00df! Mein oberstes Gebot ist ein auf Ihren Wunsch hin zugeschnittes Unterhaltungsprogramm ohne peinliche Situationen f\u00fcr Sie und Ihre G\u00e4ste! Dazu werde ich zusammen &hellip; <\/p>\n<p class=\"link-more\"><a href=\"http:\/\/dershowhypnotiseur.de\/?page_id=26\" class=\"more-link\"><span class=\"screen-reader-text\">\u201eEvents\u201c <\/span>weiterlesen<\/a><\/p>\n","protected":false},"author":1,"featured_media":0,"parent":0,"menu_order":0,"comment_status":"closed","ping_status":"closed","template":"","meta":{"footnotes":""},"class_list":["post-26","page","type-page","status-publish","hentry"],"_links":{"self":[{"href":"http:\/\/dershowhypnotiseur.de\/index.php?rest_route=\/wp\/v2\/pages\/26","targetHints":{"allow":["GET"]}}],"collection":[{"href":"http:\/\/dershowhypnotiseur.de\/index.php?rest_route=\/wp\/v2\/pages"}],"about":[{"href":"http:\/\/dershowhypnotiseur.de\/index.php?rest_route=\/wp\/v2\/types\/page"}],"author":[{"embeddable":true,"href":"http:\/\/dershowhypnotiseur.de\/index.php?rest_route=\/wp\/v2\/users\/1"}],"replies":[{"embeddable":true,"href":"http:\/\/dershowhypnotiseur.de\/index.php?rest_route=%2Fwp%2Fv2%2Fcomments&post=26"}],"version-history":[{"count":7,"href":"http:\/\/dershowhypnotiseur.de\/index.php?rest_route=\/wp\/v2\/pages\/26\/revisions"}],"predecessor-version":[{"id":71,"href":"http:\/\/dershowhypnotiseur.de\/index.php?rest_route=\/wp\/v2\/pages\/26\/revisions\/71"}],"wp:attachment":[{"href":"http:\/\/dershowhypnotiseur.de\/index.php?rest_route=%2Fwp%2Fv2%2Fmedia&parent=26"}],"curies":[{"name":"wp","href":"https:\/\/api.w.org\/{rel}","templated":true}]}}